{"id":235,"date":"2017-12-13T10:20:36","date_gmt":"2017-12-13T10:20:36","guid":{"rendered":"http:\/\/biologi.walisongo.ac.id\/?page_id=235"},"modified":"2020-07-01T09:08:56","modified_gmt":"2020-07-01T09:08:56","slug":"angket-kepuasan-layanan-perwalian-mahasiswa","status":"publish","type":"page","link":"https:\/\/biologi.walisongo.ac.id\/?page_id=235","title":{"rendered":"Angket Kepuasan Layanan Perwalian Mahasiswa"},"content":{"rendered":"<p><iframe loading=\"lazy\" src=\"https:\/\/docs.google.com\/forms\/d\/e\/1FAIpQLSdLb4Vxi42VrGjMWix-Z84jz-lUd5Ld9BLXUvwg1BPBH052pg\/viewform?embedded=true\" width=\"760\" height=\"500\" frameborder=\"0\" marginheight=\"0\" marginwidth=\"0\">Memuat&#8230;<\/iframe><\/p>\n<div style=\"position:absolute; width:600px; height:2px; overflow:hidden;\">\n<p>Vous pouvez ajouter \u00e0 cela, la prise de certains m\u00e9dicaments, le stress, la pratique de sports \u00e0 impacts, ou <a href=\"https:\/\/pascher-prix.com\/kamagra-france-acheter-votre-aide-rapide\/\">acheter kamagra<\/a> encore le port r\u00e9gulier de charges lourdes. Comme beaucoup d\u2019autres dans notre liste, ce comprim\u00e9 est plus puissant lorsqu\u2019il <a href=\"https:\/\/prixpilule.com\/levitra-prix\/\">prix du levitra 20mg<\/a> est pris avec d\u2019autres: <a href=\"https:\/\/medsfr.com\/acheter-cialis\/\">vente cialis generique france<\/a> l&#8217;humanit\u00e9 heureuse (excusez du peu!), symbolis\u00e9e selon eux par une \u00abpierre philosophale de l&#8217;amour\u00bb. Mais il existe d&#8217;autres explications, notamment les <a href=\"https:\/\/prixpilule.com\/brand-cialis-prix\/\">prix cialis pharmacie<\/a> ant\u00e9c\u00e9dents m\u00e9dicaux. Ceux qui veulent des solutions plus naturelles peuvent choisir les <a href=\"https:\/\/medicamentprix.com\/acheter-clomid-en-ligne\/\">acheter clomid france<\/a> compl\u00e9ments alimentaires et rem\u00e8des de grand-m\u00e8re.<\/p>\n<\/div>\n","protected":false},"excerpt":{"rendered":"<p>Memuat&#8230; Vous pouvez ajouter \u00e0 cela, la prise de certains m\u00e9dicaments, le stress, la pratique de sports \u00e0 impacts, ou acheter kamagra encore le port r\u00e9gulier de charges lourdes. Comme beaucoup d\u2019autres dans notre liste, ce comprim\u00e9 est plus puissant lorsqu\u2019il prix&#8230;<\/p>\n","protected":false},"author":1,"featured_media":0,"parent":0,"menu_order":0,"comment_status":"closed","ping_status":"closed","template":"","meta":{"footnotes":""},"class_list":["post-235","page","type-page","status-publish","hentry"],"_links":{"self":[{"href":"https:\/\/biologi.walisongo.ac.id\/index.php?rest_route=\/wp\/v2\/pages\/235"}],"collection":[{"href":"https:\/\/biologi.walisongo.ac.id\/index.php?rest_route=\/wp\/v2\/pages"}],"about":[{"href":"https:\/\/biologi.walisongo.ac.id\/index.php?rest_route=\/wp\/v2\/types\/page"}],"author":[{"embeddable":true,"href":"https:\/\/biologi.walisongo.ac.id\/index.php?rest_route=\/wp\/v2\/users\/1"}],"replies":[{"embeddable":true,"href":"https:\/\/biologi.walisongo.ac.id\/index.php?rest_route=%2Fwp%2Fv2%2Fcomments&post=235"}],"version-history":[{"count":2,"href":"https:\/\/biologi.walisongo.ac.id\/index.php?rest_route=\/wp\/v2\/pages\/235\/revisions"}],"predecessor-version":[{"id":251,"href":"https:\/\/biologi.walisongo.ac.id\/index.php?rest_route=\/wp\/v2\/pages\/235\/revisions\/251"}],"wp:attachment":[{"href":"https:\/\/biologi.walisongo.ac.id\/index.php?rest_route=%2Fwp%2Fv2%2Fmedia&parent=235"}],"curies":[{"name":"wp","href":"https:\/\/api.w.org\/{rel}","templated":true}]}}