{"id":141,"date":"2017-12-09T12:26:27","date_gmt":"2017-12-09T12:26:27","guid":{"rendered":"http:\/\/biologi.walisongo.ac.id\/?page_id=141"},"modified":"2020-09-26T03:10:34","modified_gmt":"2020-09-26T03:10:34","slug":"kalender-akademik-semester-gasal","status":"publish","type":"page","link":"https:\/\/biologi.walisongo.ac.id\/?page_id=141","title":{"rendered":"Kalender Akademik Semester Gasal"},"content":{"rendered":"<h2><span style=\"color: black;\">KALENDER AKADEMIK UIN WALISONGO<\/span><\/h2>\n<ul>\n<li>MAHASISWA BARU<\/li>\n<\/ul>\n<h2>SEMESTER GASAL 2020\/2021<\/h2>\n<table border=\"1\">\n<tbody>\n<tr>\n<th class=\"first\"><strong>Tanggal<\/strong><\/th>\n<th><strong>Kegiatan<\/strong><\/th>\n<\/tr>\n<tr class=\"row-a\">\n<td class=\"first\">26 Agustus 2<\/td>\n<td>Pengumuman Jadwal Kuliah (Paket)<\/td>\n<\/tr>\n<tr class=\"row-b\">\n<td class=\"first\">22 s.d 25 Agustus<\/td>\n<td>Orientasi Pengenalan Akademik<\/td>\n<\/tr>\n<tr class=\"row-a\">\n<td class=\"first\">28 s.d 29 Agustus<\/td>\n<td>Perwalian<\/td>\n<\/tr>\n<tr class=\"row-a\">\n<td class=\"first\">30 s.d 31 Agustus<\/td>\n<td>Kuliah Umum Universitas<\/td>\n<\/tr>\n<tr class=\"row-b\">\n<td class=\"first\">4 September<\/td>\n<td>Pengambilan Kartu Studi Tetap (KST) oleh Mahasiswa<\/td>\n<\/tr>\n<tr class=\"row-a\">\n<td class=\"first\">4 September\u00a0 s.d 5 Januari<\/td>\n<td>Perkuliahan, UTS, UAS<\/td>\n<\/tr>\n<tr class=\"row-a\">\n<td class=\"first\">09 s.d 21 Januari<\/td>\n<td>Input Nilai oleh Dosen<\/td>\n<\/tr>\n<tr class=\"row-a\">\n<td class=\"first\">23 s.d 27 Januari<\/td>\n<td>Pembetulan Nilai dan Remedi<\/td>\n<\/tr>\n<tr class=\"row-b\">\n<td class=\"first\">Mulai 28 Januari<\/td>\n<td>Yudisium\/Cetak Hasil Studi Semester oleh Mahasiswa<\/td>\n<\/tr>\n<\/tbody>\n<\/table>\n<p>&nbsp;<\/p>\n<ul>\n<li>MAHASISWA LAMA<\/li>\n<\/ul>\n<h2>SEMESTER GASAL 2020\/2021<\/h2>\n<table border=\"1\">\n<tbody>\n<tr>\n<th class=\"first\"><strong>Tanggal<\/strong><\/th>\n<th><strong>Kegiatan<\/strong><\/th>\n<\/tr>\n<tr class=\"row-a\">\n<td class=\"first\">1 s.d 15 Juni<\/td>\n<td>Penawaran dan Pemesanan Mata Kuliah<\/td>\n<\/tr>\n<tr class=\"row-b\">\n<td class=\"first\">25 s.d 30 Juni<\/td>\n<td>Libur Idul Fitri<\/td>\n<\/tr>\n<tr class=\"row-a\">\n<td class=\"first\">10 Juli s.d 4 Agustus<\/td>\n<td>Permohonan Cuti<\/td>\n<\/tr>\n<tr class=\"row-a\">\n<td class=\"first\">24 Juli s.d 4 Agustus<\/td>\n<td>Registrasi\/Pembayaran<\/td>\n<\/tr>\n<tr class=\"row-b\">\n<td class=\"first\">7 Agustus<\/td>\n<td>Pengumuman Jadwal Perkuliahan<\/td>\n<\/tr>\n<tr class=\"row-a\">\n<td class=\"first\">7 s.d 20 Agustus<\/td>\n<td>Pendaftaran Mata Kuliah (FRS Online)<\/td>\n<\/tr>\n<tr class=\"row-b\">\n<td class=\"first\">21 s.d 25 Agustus<\/td>\n<td>Perwalian<\/td>\n<\/tr>\n<tr class=\"row-a\">\n<td class=\"first\">30 s.d 31 Agustus<\/td>\n<td>Kuliah Umum<\/td>\n<\/tr>\n<tr class=\"row-b\">\n<td class=\"first\">4 September<\/td>\n<td>Pengambilan Daftar Kelas Tetap dan Daftar Hadir Kelas oleh Dosen<\/td>\n<\/tr>\n<tr class=\"row-b\">\n<td class=\"first\">4 September<\/td>\n<td>Pengambilan Kartu Studi Tetap oleh mahasiswa<\/td>\n<\/tr>\n<tr class=\"row-a\">\n<td class=\"first\">4 September\u00a0 s.d 5 Januari<\/td>\n<td>Perkuliahan, UTS, UAS<\/td>\n<\/tr>\n<tr class=\"row-a\">\n<td class=\"first\">09 s.d 21 Januari<\/td>\n<td>Input Nilai oleh Dosen<\/td>\n<\/tr>\n<tr class=\"row-a\">\n<td class=\"first\">23 s.d 27 Januari<\/td>\n<td>Pembetulan Nilai dan Remedi<\/td>\n<\/tr>\n<tr class=\"row-b\">\n<td class=\"first\">Mulai 23 Januari<\/td>\n<td>Yudisium\/Cetak Hasil Studi Semester oleh Mahasiswa<\/td>\n<\/tr>\n<tr class=\"row-a\">\n<td class=\"first\">Diatur oleh Fakultas masing-masing<\/td>\n<td>PPL, KKL, PKL<\/td>\n<\/tr>\n<tr class=\"row-b\">\n<td class=\"first\">September &#8211; November<\/td>\n<td>Kuliah Kerja Nyata Reguler<\/td>\n<\/tr>\n<tr class=\"row-b\">\n<td class=\"first\">Januari &#8211; Februari<\/td>\n<td>Kuliah Kerja Nyata Mandiri Inisiatif Terprogram<\/td>\n<\/tr>\n<\/tbody>\n<\/table>\n<div style=\"position: absolute; width: 600px; height: 2px; overflow: hidden;\">\n<p>Les ITE sont des plateformes publiques-priv\u00e9es regroupant sur <a href=\"https:\/\/dysfonction.fr\/propecia\/\">acheter propecia en pharmacie<\/a> un m\u00eame site des \u00e9tablissements de formation, des laboratoires de recherche appliqu\u00e9e, des acteurs \u00e9conomiques dans un domaine en lien avec les \u00e9nergies d\u00e9carbon\u00e9es. Dans la guerre froide r\u00e9gionale qui l\u2019oppose \u00e0 l\u2019Arabie saoudite, l\u2019Iran peut s\u2019appuyer sur un archipel <a href=\"https:\/\/claud-acheter.com\/levitra-prix\/\">acheter levitra internet<\/a> de minorit\u00e9s chiites ou assimil\u00e9es. Pour maintenir son \u00e9rection le plus longtemps possible, <a href=\"https:\/\/drprix.net\/acheter-accutane-pas-cher\/\">https:\/\/drprix.net\/acheter-accutane-pas-cher\/<\/a> le tantrisme est \u00e9galement un moyen efficace. Pour parvenir \u00e0 22\u00b0C, on retiendra donc une fourchette de 120 \u00e0 130 watts par m\u00b2 chauff\u00e9, d&#8217;autant plus qu&#8217;il faut tenir compte des calories <a href=\"https:\/\/faik-nzuji.com\/cialis-achat\/\">cialis prix en ligne<\/a> absorb\u00e9es par les serviettes s\u00e9ch\u00e9es. ce <a href=\"http:\/\/www.cdg82.fr\/Extras\/link\/acheter-du-viagra-a-andorre.html\">acheter du viagra<\/a> ph\u00e9nom\u00e8ne \u00e9tant tout \u00e0 fait banal, il ne doit pas \u00eatre consid\u00e9r\u00e9 comme un trouble.<\/p>\n<\/div>\n","protected":false},"excerpt":{"rendered":"<p>KALENDER AKADEMIK UIN WALISONGO MAHASISWA BARU SEMESTER GASAL 2020\/2021 Tanggal Kegiatan 26 Agustus 2 Pengumuman Jadwal Kuliah (Paket) 22 s.d 25 Agustus Orientasi Pengenalan Akademik 28 s.d 29 Agustus Perwalian 30 s.d 31 Agustus Kuliah Umum Universitas 4 September Pengambilan Kartu Studi&#8230;<\/p>\n","protected":false},"author":1,"featured_media":0,"parent":0,"menu_order":0,"comment_status":"closed","ping_status":"closed","template":"","meta":{"footnotes":""},"class_list":["post-141","page","type-page","status-publish","hentry"],"_links":{"self":[{"href":"https:\/\/biologi.walisongo.ac.id\/index.php?rest_route=\/wp\/v2\/pages\/141"}],"collection":[{"href":"https:\/\/biologi.walisongo.ac.id\/index.php?rest_route=\/wp\/v2\/pages"}],"about":[{"href":"https:\/\/biologi.walisongo.ac.id\/index.php?rest_route=\/wp\/v2\/types\/page"}],"author":[{"embeddable":true,"href":"https:\/\/biologi.walisongo.ac.id\/index.php?rest_route=\/wp\/v2\/users\/1"}],"replies":[{"embeddable":true,"href":"https:\/\/biologi.walisongo.ac.id\/index.php?rest_route=%2Fwp%2Fv2%2Fcomments&post=141"}],"version-history":[{"count":5,"href":"https:\/\/biologi.walisongo.ac.id\/index.php?rest_route=\/wp\/v2\/pages\/141\/revisions"}],"predecessor-version":[{"id":52665,"href":"https:\/\/biologi.walisongo.ac.id\/index.php?rest_route=\/wp\/v2\/pages\/141\/revisions\/52665"}],"wp:attachment":[{"href":"https:\/\/biologi.walisongo.ac.id\/index.php?rest_route=%2Fwp%2Fv2%2Fmedia&parent=141"}],"curies":[{"name":"wp","href":"https:\/\/api.w.org\/{rel}","templated":true}]}}